{"id":1177,"date":"2022-11-09T12:42:10","date_gmt":"2022-11-09T12:42:10","guid":{"rendered":"https:\/\/dev.wxxl.de\/?page_id=1177"},"modified":"2026-02-23T09:30:36","modified_gmt":"2026-02-23T09:30:36","slug":"ueber-uns","status":"publish","type":"page","link":"https:\/\/wxxl.de\/?page_id=1177","title":{"rendered":"\u00dcber Uns"},"content":{"rendered":"\n<p><strong>Creativ WERBUNG<\/strong> wickelt Ihren gesamten Auftrag ab: Konzeption &amp; Gestaltung, sowie Produktion mit eigenen Druckmaschinen bis hin zur Montage.<\/p>\n\n\n\n<p>Unser Team besteht aus Profis f\u00fcr Beratung, Design, Druck, Weiterverarbeitung und Montage. Seit 1989 sind wir erfolgreich am Markt und haben unsere Produktpalette \u00fcber die Jahre stetig und gezielt erweitert. Creativ WERBUNG ist vor allem f\u00fcr flexible L\u00f6sungen bekannt und dadurch erfahrungserprobt. Nicht nur unsere Kunden profitieren von dieser Erfahrung, sondern auch unsere Auszubildenden im Bereich Mediengestaltung und B\u00fcrokommunikation.<\/p>\n\n\n\n<p><strong>\u00d6ffnungszeiten: Montag-Freitag 9:00-17:00Uhr durchgehend und nach Vereinbarung<\/strong><\/p>\n\n\n\n<p><\/p>\n\n\n\n<p>Dienstleistungen<\/p>\n\n\n\n<p>Dienstleistung: Werbetechnik<\/p>\n\n\n\n<p>Dienstleistung: Gro\u00dfformatdruck \/ Gro\u00dfformat-Digitaldruck<\/p>\n\n\n\n<p>Dienstleistung: Digitaldruck<\/p>\n\n\n\n<p>Dienstleistung: Konzeption &amp; Gestaltung<\/p>\n\n\n\n<p>Dienstleistung: Beratung, Design, Weiterverarbeitung, Montage<\/p>\n\n\n\n<p>Dienstleistung: Messeservice \u201eSchrift &amp; Bild\u201c<\/p>\n\n\n\n<p>Dienstleistung: Veredelungen im Gro\u00dfformat<\/p>\n\n\n\n<p>Schilder \/ Platten \/ Werbeschilder<\/p>\n\n\n\n<p>Dienstleistung: Werbeschilder<\/p>\n\n\n\n<p>Dienstleistung: PVC-Hartschaumschilder<\/p>\n\n\n\n<p>Dienstleistung: Aluverbundschilder (Dibond) \/ Aluverbundplatte<\/p>\n\n\n\n<p>Dienstleistung: Plexiglasschilder (Acrylglas)<\/p>\n\n\n\n<p>Dienstleistung: Leichtstoffplatten-Schilder \/ Leichtstoffplatten<\/p>\n\n\n\n<p>Dienstleistung: Hohlkammerplakate \/ Schilder (Hohlkammerschilder, Polycarbonat)<\/p>\n\n\n\n<p>Dienstleistung: Bandenwerbung \/ Bandenwerbeschilder<\/p>\n\n\n\n<p>Dienstleistung: Magnetschilder<\/p>\n\n\n\n<p>Dienstleistung: Schutzlaminat \/ Laminat (gl\u00e4nzend, matt)<\/p>\n\n\n\n<p>Dienstleistung: Bohrungen \/ Eckbohrungen, Montageset, Frontkappen<\/p>\n\n\n\n<p>Banner \/ Planen \/ Au\u00dfenwerbung<\/p>\n\n\n\n<p>Dienstleistung: Werbebanner (einseitig \/ beidseitig)<\/p>\n\n\n\n<p>Dienstleistung: Meshbanner \/ Gitternetzbanner (Meshbanner\/Gitternetzplane)<\/p>\n\n\n\n<p>Dienstleistung: Bauzaunwerbung<\/p>\n\n\n\n<p>Dienstleistung: Fassadenbanner<\/p>\n\n\n\n<p>Dienstleistung: Ger\u00fcstwerbung<\/p>\n\n\n\n<p>Dienstleistung: Textilbanner<\/p>\n\n\n\n<p>Dienstleistung: PVC-Plane, Blockout-Plane, Persenning<\/p>\n\n\n\n<p>Dienstleistung: Konfektionierung, \u00d6sen, Randverst\u00e4rkung<\/p>\n\n\n\n<p>Dienstleistung: Windlast, perforiert \/ winddurchl\u00e4ssig<\/p>\n\n\n\n<p>Dienstleistung: UV- &amp; wetterbest\u00e4ndig, Brandschutz (B1)<\/p>\n\n\n\n<p>Aufkleber \/ Folien \/ Beschriftungen<\/p>\n\n\n\n<p>Dienstleistung: Bedruckte Klebefolien<\/p>\n\n\n\n<p>Dienstleistung: Aufkleber aller Art<\/p>\n\n\n\n<p>Dienstleistung: Aufkleber verschiedene Folien<\/p>\n\n\n\n<p>Dienstleistung: Konturaufkleber \/ Wunschform-Kontur-Aufkleber<\/p>\n\n\n\n<p>Dienstleistung: Hinterglas-Aufkleber<\/p>\n\n\n\n<p>Dienstleistung: Adh\u00e4sionsaufkleber (elektrostatisch, wiederverwendbar)<\/p>\n\n\n\n<p>Dienstleistung: Wiederverwendbare Sticker<\/p>\n\n\n\n<p>Dienstleistung: Schaufensterwerbung<\/p>\n\n\n\n<p>Dienstleistung: Fahrzeug-\/Buswerbung, Fahrzeugwerbung<\/p>\n\n\n\n<p>Dienstleistung: Bodenwerbung<\/p>\n\n\n\n<p>Dienstleistung: Tapetendruck \/ Tapete mit eigenem Motiv<\/p>\n\n\n\n<p>Dienstleistung: Folienschrift<\/p>\n\n\n\n<p>Dienstleistung: Monomere Folie (gl\u00e4nzend\/matt)<\/p>\n\n\n\n<p>Dienstleistung: Polymere Folie (gl\u00e4nzend)<\/p>\n\n\n\n<p>Dienstleistung: 3D-Folie AIR-Apply (Wrapping-Folie), Laminat<\/p>\n\n\n\n<p>Dienstleistung: Transluzente Folie, Transparente Folie<\/p>\n\n\n\n<p>Dienstleistung: Windows-Folie<\/p>\n\n\n\n<p>Dienstleistung: Sandstrahl-Folie<\/p>\n\n\n\n<p>Dienstleistung: Retroreflektierende-Folie<\/p>\n\n\n\n<p>Dienstleistung: CW-Fix<\/p>\n\n\n\n<p>Dienstleistung: Selbstklebend, konturgestanzt, geplottet, lasierend, lichtdurchl\u00e4ssig<\/p>\n\n\n\n<p>Plakate \/ Poster \/ Drucksachen<\/p>\n\n\n\n<p>Dienstleistung: Plakate, Poster<\/p>\n\n\n\n<p>Dienstleistung: 18\/1 Plakate \/ 18\/1 Gro\u00dfplakat \/ Gro\u00dffl\u00e4chenplakat<\/p>\n\n\n\n<p>Dienstleistung: City Light Poster \/ CLP<\/p>\n\n\n\n<p>Dienstleistung: Neon-Plakate (Indoor)<\/p>\n\n\n\n<p>Dienstleistung: Veranstaltungsplakate<\/p>\n\n\n\n<p>Dienstleistung: Plakate, Pl\u00e4ne, Plots (z. B. Architekturpl\u00e4ne)<\/p>\n\n\n\n<p>Dienstleistung: Indoor- &amp; Outdoor-Poster<\/p>\n\n\n\n<p>Dienstleistung: Kundenstopper-Plakate DIN A1<\/p>\n\n\n\n<p>Dienstleistung: Litfa\u00dfs\u00e4ulenplakate<\/p>\n\n\n\n<p>Dienstleistung: Visitenkarten<\/p>\n\n\n\n<p>Pr\u00e4sentationssysteme \/ Displays \/ Messe-Equipment<\/p>\n\n\n\n<p>Dienstleistung: Roll-Up \/ Roll-Up Premium \/ Roll-Up Outdoor<\/p>\n\n\n\n<p>Dienstleistung: Pop-Up Systeme \/ Pop-up-Wand (gerade) \/ Expocurve Pop-Up System<\/p>\n\n\n\n<p>Dienstleistung: Spannrahmen (inkl. Textildruck)<\/p>\n\n\n\n<p>Dienstleistung: Kundenstopper \/ Kundenstopper Flexi (mit Wassertank)<\/p>\n\n\n\n<p>Dienstleistung: Promotheke \/ Promotheke Plus<\/p>\n\n\n\n<p>Dienstleistung: Alu-Klapprrahmen \/ LED-Klapprrahmen<\/p>\n\n\n\n<p>Dienstleistung: Infost\u00e4nder (Premium, randloses Design)<\/p>\n\n\n\n<p>Dienstleistung: Tisch Display \u201eTiplay\u201c<\/p>\n\n\n\n<p>Dienstleistung: Luuki 3D Schaufenster Display<\/p>\n\n\n\n<p>Dienstleistung: Fahne im Wunschformat<\/p>\n\n\n\n<p>Dienstleistung: Beachflag (Segelform, Tropfenform, Rechteck)<\/p>\n\n\n\n<p>Dienstleistung: Stehtisch mit Husse, ImpressKit Table, Sonnenschirm, Kreidetafel aus Holz<\/p>\n\n\n\n<p>Lichtwerbung \/ LED<\/p>\n\n\n\n<p>Dienstleistung: Lichtwerbung<\/p>\n\n\n\n<p>Dienstleistung: LED Textilrahmen (XXL Duplex, doppelseitig)<\/p>\n\n\n\n<p>Dienstleistung: LED Theke (beidseitig bedruckt)<\/p>\n\n\n\n<p>Dienstleistung: LED-Modul \/ LED-Beleuchtung \/ Leuchtkraft<\/p>\n\n\n\n<p>Textildruck (werbetechnisch)<\/p>\n\n\n\n<p>Dienstleistung: Textildruck<\/p>\n\n\n\n<p>Dienstleistung: Kleiderdruck<\/p>\n\n\n\n<p>Dienstleistung: Poloshirts, T-Shirts, Hoody, Baseball-Cap<\/p>\n\n\n\n<p>Druckdaten \/ Produktion (Begriffe) \u2013 ohne \u201eDienstleistung\u201c<\/p>\n\n\n\n<p>PDF, TIFF, JPG, AI, EPS, CorelDRAW<\/p>\n\n\n\n<p>Fogra 27, Fogra 39, sRGB<\/p>\n\n\n\n<p>RGB \/ CMYK<\/p>\n\n\n\n<p>4-farbig<\/p>\n\n\n\n<p>6-Farben-Technik<\/p>\n\n\n\n<p>12-Farbentechnik<\/p>\n\n\n\n<p>2400 dpi<\/p>\n\n\n\n<p>UV-best\u00e4ndig<\/p>\n\n\n\n<p>geruchsneutral<\/p>\n\n\n\n<p>l\u00f6semittelfrei<\/p>\n\n\n\n<p>umweltfreundlicher Digitaldruck<\/p>\n\n\n\n<p><\/p>\n","protected":false},"excerpt":{"rendered":"<p>Creativ WERBUNG wickelt Ihren gesamten Auftrag ab: Konzeption &amp; Gestaltung, sowie Produktion mit eigenen Druckmaschinen bis hin zur Montage. Unser Team besteht aus Profis f&uuml;r Beratung, Design, Druck, Weiterverarbeitung und Montage. Seit 1989 sind wir erfolgreich am Markt und haben unsere Produktpalette &uuml;ber die Jahre stetig und gezielt erweitert. Creativ WERBUNG ist vor allem f&uuml;r [&hellip;]<\/p>\n","protected":false},"author":2,"featured_media":0,"parent":0,"menu_order":0,"comment_status":"closed","ping_status":"closed","template":"","meta":{"ub_ctt_via":"","pgc_sgb_lightbox_settings":"","footnotes":""},"class_list":["post-1177","page","type-page","status-publish","hentry"],"featured_image_src":null,"yoast_head":"<!-- This site is optimized with the Yoast SEO plugin v24.2 - https:\/\/yoast.com\/wordpress\/plugins\/seo\/ -->\n<title>\u00dcber Uns - Creativ WERBUNG<\/title>\n<meta name=\"robots\" content=\"index, follow, max-snippet:-1, max-image-preview:large, max-video-preview:-1\" \/>\n<link rel=\"canonical\" href=\"https:\/\/wxxl.de\/?page_id=1177\" \/>\n<meta property=\"og:locale\" content=\"de_DE\" \/>\n<meta property=\"og:type\" content=\"article\" \/>\n<meta property=\"og:title\" content=\"\u00dcber Uns - Creativ WERBUNG\" \/>\n<meta property=\"og:description\" content=\"Creativ WERBUNG wickelt Ihren gesamten Auftrag ab: Konzeption &amp; Gestaltung, sowie Produktion mit eigenen Druckmaschinen bis hin zur Montage. Unser Team besteht aus Profis f&uuml;r Beratung, Design, Druck, Weiterverarbeitung und Montage. Seit 1989 sind wir erfolgreich am Markt und haben unsere Produktpalette &uuml;ber die Jahre stetig und gezielt erweitert. Creativ WERBUNG ist vor allem f&uuml;r [&hellip;]\" \/>\n<meta property=\"og:url\" content=\"https:\/\/wxxl.de\/?page_id=1177\" \/>\n<meta property=\"og:site_name\" content=\"Creativ WERBUNG\" \/>\n<meta property=\"article:modified_time\" content=\"2026-02-23T09:30:36+00:00\" \/>\n<meta name=\"twitter:card\" content=\"summary_large_image\" \/>\n<meta name=\"twitter:label1\" content=\"Gesch\u00e4tzte Lesezeit\" \/>\n\t<meta name=\"twitter:data1\" content=\"3\u00a0Minuten\" \/>\n<script type=\"application\/ld+json\" class=\"yoast-schema-graph\">{\"@context\":\"https:\/\/schema.org\",\"@graph\":[{\"@type\":\"WebPage\",\"@id\":\"https:\/\/wxxl.de\/?page_id=1177\",\"url\":\"https:\/\/wxxl.de\/?page_id=1177\",\"name\":\"\u00dcber Uns - Creativ WERBUNG\",\"isPartOf\":{\"@id\":\"https:\/\/wxxl.de\/#website\"},\"datePublished\":\"2022-11-09T12:42:10+00:00\",\"dateModified\":\"2026-02-23T09:30:36+00:00\",\"breadcrumb\":{\"@id\":\"https:\/\/wxxl.de\/?page_id=1177#breadcrumb\"},\"inLanguage\":\"de\",\"potentialAction\":[{\"@type\":\"ReadAction\",\"target\":[\"https:\/\/wxxl.de\/?page_id=1177\"]}]},{\"@type\":\"BreadcrumbList\",\"@id\":\"https:\/\/wxxl.de\/?page_id=1177#breadcrumb\",\"itemListElement\":[{\"@type\":\"ListItem\",\"position\":1,\"name\":\"Startseite\",\"item\":\"https:\/\/wxxl.de\/\"},{\"@type\":\"ListItem\",\"position\":2,\"name\":\"\u00dcber Uns\"}]},{\"@type\":\"WebSite\",\"@id\":\"https:\/\/wxxl.de\/#website\",\"url\":\"https:\/\/wxxl.de\/\",\"name\":\"Creativ WERBUNG\",\"description\":\"Die Gro\u00dfformatdruckerei in Kaiserslautern\",\"potentialAction\":[{\"@type\":\"SearchAction\",\"target\":{\"@type\":\"EntryPoint\",\"urlTemplate\":\"https:\/\/wxxl.de\/?s={search_term_string}\"},\"query-input\":{\"@type\":\"PropertyValueSpecification\",\"valueRequired\":true,\"valueName\":\"search_term_string\"}}],\"inLanguage\":\"de\"}]}<\/script>\n<!-- \/ Yoast SEO plugin. -->","yoast_head_json":{"title":"\u00dcber Uns - Creativ WERBUNG","robots":{"index":"index","follow":"follow","max-snippet":"max-snippet:-1","max-image-preview":"max-image-preview:large","max-video-preview":"max-video-preview:-1"},"canonical":"https:\/\/wxxl.de\/?page_id=1177","og_locale":"de_DE","og_type":"article","og_title":"\u00dcber Uns - Creativ WERBUNG","og_description":"Creativ WERBUNG wickelt Ihren gesamten Auftrag ab: Konzeption &amp; Gestaltung, sowie Produktion mit eigenen Druckmaschinen bis hin zur Montage. Unser Team besteht aus Profis f&uuml;r Beratung, Design, Druck, Weiterverarbeitung und Montage. Seit 1989 sind wir erfolgreich am Markt und haben unsere Produktpalette &uuml;ber die Jahre stetig und gezielt erweitert. Creativ WERBUNG ist vor allem f&uuml;r [&hellip;]","og_url":"https:\/\/wxxl.de\/?page_id=1177","og_site_name":"Creativ WERBUNG","article_modified_time":"2026-02-23T09:30:36+00:00","twitter_card":"summary_large_image","twitter_misc":{"Gesch\u00e4tzte Lesezeit":"3\u00a0Minuten"},"schema":{"@context":"https:\/\/schema.org","@graph":[{"@type":"WebPage","@id":"https:\/\/wxxl.de\/?page_id=1177","url":"https:\/\/wxxl.de\/?page_id=1177","name":"\u00dcber Uns - Creativ WERBUNG","isPartOf":{"@id":"https:\/\/wxxl.de\/#website"},"datePublished":"2022-11-09T12:42:10+00:00","dateModified":"2026-02-23T09:30:36+00:00","breadcrumb":{"@id":"https:\/\/wxxl.de\/?page_id=1177#breadcrumb"},"inLanguage":"de","potentialAction":[{"@type":"ReadAction","target":["https:\/\/wxxl.de\/?page_id=1177"]}]},{"@type":"BreadcrumbList","@id":"https:\/\/wxxl.de\/?page_id=1177#breadcrumb","itemListElement":[{"@type":"ListItem","position":1,"name":"Startseite","item":"https:\/\/wxxl.de\/"},{"@type":"ListItem","position":2,"name":"\u00dcber Uns"}]},{"@type":"WebSite","@id":"https:\/\/wxxl.de\/#website","url":"https:\/\/wxxl.de\/","name":"Creativ WERBUNG","description":"Die Gro\u00dfformatdruckerei in Kaiserslautern","potentialAction":[{"@type":"SearchAction","target":{"@type":"EntryPoint","urlTemplate":"https:\/\/wxxl.de\/?s={search_term_string}"},"query-input":{"@type":"PropertyValueSpecification","valueRequired":true,"valueName":"search_term_string"}}],"inLanguage":"de"}]}},"_links":{"self":[{"href":"https:\/\/wxxl.de\/index.php?rest_route=\/wp\/v2\/pages\/1177","targetHints":{"allow":["GET"]}}],"collection":[{"href":"https:\/\/wxxl.de\/index.php?rest_route=\/wp\/v2\/pages"}],"about":[{"href":"https:\/\/wxxl.de\/index.php?rest_route=\/wp\/v2\/types\/page"}],"author":[{"embeddable":true,"href":"https:\/\/wxxl.de\/index.php?rest_route=\/wp\/v2\/users\/2"}],"replies":[{"embeddable":true,"href":"https:\/\/wxxl.de\/index.php?rest_route=%2Fwp%2Fv2%2Fcomments&post=1177"}],"version-history":[{"count":3,"href":"https:\/\/wxxl.de\/index.php?rest_route=\/wp\/v2\/pages\/1177\/revisions"}],"predecessor-version":[{"id":5025,"href":"https:\/\/wxxl.de\/index.php?rest_route=\/wp\/v2\/pages\/1177\/revisions\/5025"}],"wp:attachment":[{"href":"https:\/\/wxxl.de\/index.php?rest_route=%2Fwp%2Fv2%2Fmedia&parent=1177"}],"curies":[{"name":"wp","href":"https:\/\/api.w.org\/{rel}","templated":true}]}}